{"id":1325,"date":"2024-06-21T13:11:48","date_gmt":"2024-06-21T11:11:48","guid":{"rendered":"https:\/\/axell-group.com\/pl\/?page_id=1325"},"modified":"2026-03-03T12:53:30","modified_gmt":"2026-03-03T11:53:30","slug":"uslugi","status":"publish","type":"page","link":"https:\/\/axell-group.com\/pl\/uslugi\/","title":{"rendered":"Us\u0142ugi"},"content":{"rendered":"","protected":false},"excerpt":{"rendered":"<p>Odkryj \u015bwiat p\u0142ynnej logistyki i efektywno\u015bci finansowej dzi\u0119ki naszej kompleksowej ofercie us\u0142ug logistycznych i finansowych. Oferujemy nie tylko standardowe procedury operacyjne, ale tak\u017ce rozwi\u0105zania szyte na miar\u0119 w zakresie magazynowania, transportu, dystrybucji, logistyki kontraktowej, fulfillmentu, us\u0142ug o warto\u015bci dodanej (VAS) i wielu innych.<\/p>\n","protected":false},"author":1,"featured_media":2135,"parent":0,"menu_order":0,"comment_status":"closed","ping_status":"closed","template":"","meta":{"_acf_changed":false,"content-type":"","inline_featured_image":false,"footnotes":""},"class_list":["post-1325","page","type-page","status-publish","has-post-thumbnail","hentry"],"acf":[],"_links":{"self":[{"href":"https:\/\/axell-group.com\/pl\/wp-json\/wp\/v2\/pages\/1325","targetHints":{"allow":["GET"]}}],"collection":[{"href":"https:\/\/axell-group.com\/pl\/wp-json\/wp\/v2\/pages"}],"about":[{"href":"https:\/\/axell-group.com\/pl\/wp-json\/wp\/v2\/types\/page"}],"author":[{"embeddable":true,"href":"https:\/\/axell-group.com\/pl\/wp-json\/wp\/v2\/users\/1"}],"replies":[{"embeddable":true,"href":"https:\/\/axell-group.com\/pl\/wp-json\/wp\/v2\/comments?post=1325"}],"version-history":[{"count":0,"href":"https:\/\/axell-group.com\/pl\/wp-json\/wp\/v2\/pages\/1325\/revisions"}],"wp:featuredmedia":[{"embeddable":true,"href":"https:\/\/axell-group.com\/pl\/wp-json\/wp\/v2\/media\/2135"}],"wp:attachment":[{"href":"https:\/\/axell-group.com\/pl\/wp-json\/wp\/v2\/media?parent=1325"}],"curies":[{"name":"wp","href":"https:\/\/api.w.org\/{rel}","templated":true}]}}