{"id":1335,"date":"2024-06-21T14:08:05","date_gmt":"2024-06-21T12:08:05","guid":{"rendered":"https:\/\/axell-group.com\/pl\/?page_id=1335"},"modified":"2026-03-03T13:35:22","modified_gmt":"2026-03-03T12:35:22","slug":"dystrybucja-detaliczna","status":"publish","type":"page","link":"https:\/\/axell-group.com\/pl\/dystrybucja\/dystrybucja-detaliczna\/","title":{"rendered":"Dystrybucja Detaliczna"},"content":{"rendered":"","protected":false},"excerpt":{"rendered":"<p>Dystrybucja retail to proces, w kt\u00f3rym towary i us\u0142ugi s\u0105 dostarczane od producent\u00f3w lub hurtowni do ostatecznego konsumenta. Obejmuje to szereg dzia\u0142a\u0144. takich jak magazynowanie, transport i dostarczanie produkt\u00f3w do sklep\u00f3w.<\/p>\n","protected":false},"author":1,"featured_media":0,"parent":1842,"menu_order":0,"comment_status":"closed","ping_status":"closed","template":"","meta":{"_acf_changed":false,"content-type":"","inline_featured_image":false,"footnotes":""},"class_list":["post-1335","page","type-page","status-publish","hentry"],"acf":[],"_links":{"self":[{"href":"https:\/\/axell-group.com\/pl\/wp-json\/wp\/v2\/pages\/1335","targetHints":{"allow":["GET"]}}],"collection":[{"href":"https:\/\/axell-group.com\/pl\/wp-json\/wp\/v2\/pages"}],"about":[{"href":"https:\/\/axell-group.com\/pl\/wp-json\/wp\/v2\/types\/page"}],"author":[{"embeddable":true,"href":"https:\/\/axell-group.com\/pl\/wp-json\/wp\/v2\/users\/1"}],"replies":[{"embeddable":true,"href":"https:\/\/axell-group.com\/pl\/wp-json\/wp\/v2\/comments?post=1335"}],"version-history":[{"count":0,"href":"https:\/\/axell-group.com\/pl\/wp-json\/wp\/v2\/pages\/1335\/revisions"}],"up":[{"embeddable":true,"href":"https:\/\/axell-group.com\/pl\/wp-json\/wp\/v2\/pages\/1842"}],"wp:attachment":[{"href":"https:\/\/axell-group.com\/pl\/wp-json\/wp\/v2\/media?parent=1335"}],"curies":[{"name":"wp","href":"https:\/\/api.w.org\/{rel}","templated":true}]}}