{"id":1412,"date":"2024-06-28T19:37:41","date_gmt":"2024-06-28T17:37:41","guid":{"rendered":"https:\/\/axell-group.com\/pl\/?page_id=1412"},"modified":"2026-03-13T16:02:00","modified_gmt":"2026-03-13T15:02:00","slug":"transport","status":"publish","type":"page","link":"https:\/\/axell-group.com\/pl\/transport\/","title":{"rendered":"Transport"},"content":{"rendered":"","protected":false},"excerpt":{"rendered":"<p>Transport to przemieszczanie towar\u00f3w z jednej lokalizacji do drugiej z wykorzystaniem r\u00f3\u017cnych \u015brodk\u00f3w transportu, takich jak ci\u0119\u017car\u00f3wki. Axell Logistics od 90 lat oferuje odpowiednie rozwi\u0105zania dla wszystkich mo\u017cliwych form transportu.<\/p>\n","protected":false},"author":8,"featured_media":2139,"parent":0,"menu_order":0,"comment_status":"closed","ping_status":"closed","template":"","meta":{"_acf_changed":false,"content-type":"","inline_featured_image":false,"footnotes":""},"class_list":["post-1412","page","type-page","status-publish","has-post-thumbnail","hentry"],"acf":[],"_links":{"self":[{"href":"https:\/\/axell-group.com\/pl\/wp-json\/wp\/v2\/pages\/1412","targetHints":{"allow":["GET"]}}],"collection":[{"href":"https:\/\/axell-group.com\/pl\/wp-json\/wp\/v2\/pages"}],"about":[{"href":"https:\/\/axell-group.com\/pl\/wp-json\/wp\/v2\/types\/page"}],"author":[{"embeddable":true,"href":"https:\/\/axell-group.com\/pl\/wp-json\/wp\/v2\/users\/8"}],"replies":[{"embeddable":true,"href":"https:\/\/axell-group.com\/pl\/wp-json\/wp\/v2\/comments?post=1412"}],"version-history":[{"count":0,"href":"https:\/\/axell-group.com\/pl\/wp-json\/wp\/v2\/pages\/1412\/revisions"}],"wp:featuredmedia":[{"embeddable":true,"href":"https:\/\/axell-group.com\/pl\/wp-json\/wp\/v2\/media\/2139"}],"wp:attachment":[{"href":"https:\/\/axell-group.com\/pl\/wp-json\/wp\/v2\/media?parent=1412"}],"curies":[{"name":"wp","href":"https:\/\/api.w.org\/{rel}","templated":true}]}}