{"id":1464,"date":"2024-08-23T14:56:07","date_gmt":"2024-08-23T12:56:07","guid":{"rendered":"https:\/\/axell-group.com\/pl\/?page_id=1464"},"modified":"2026-03-11T14:44:57","modified_gmt":"2026-03-11T13:44:57","slug":"outsourcingu-ksiegowosci","status":"publish","type":"page","link":"https:\/\/axell-group.com\/pl\/uslugi\/outsourcingu-ksiegowosci\/","title":{"rendered":"Outsourcing ksi\u0119gowo\u015bci"},"content":{"rendered":"","protected":false},"excerpt":{"rendered":"<p>Ksi\u0119gowo\u015b\u0107 to systematyczny proces rejestrowania, porz\u0105dkowania i analizowania danych finansowych w ramach dzia\u0142alno\u015bci organizacji.<br \/>\nObejmuje dok\u0142adne prowadzenie ewidencji wszystkich przychod\u00f3w, wydatk\u00f3w, aktyw\u00f3w, wystawionych faktur oraz zobowi\u0105za\u0144.<\/p>\n","protected":false},"author":8,"featured_media":0,"parent":1325,"menu_order":0,"comment_status":"closed","ping_status":"closed","template":"","meta":{"_acf_changed":false,"content-type":"","inline_featured_image":false,"footnotes":""},"class_list":["post-1464","page","type-page","status-publish","hentry"],"acf":[],"_links":{"self":[{"href":"https:\/\/axell-group.com\/pl\/wp-json\/wp\/v2\/pages\/1464","targetHints":{"allow":["GET"]}}],"collection":[{"href":"https:\/\/axell-group.com\/pl\/wp-json\/wp\/v2\/pages"}],"about":[{"href":"https:\/\/axell-group.com\/pl\/wp-json\/wp\/v2\/types\/page"}],"author":[{"embeddable":true,"href":"https:\/\/axell-group.com\/pl\/wp-json\/wp\/v2\/users\/8"}],"replies":[{"embeddable":true,"href":"https:\/\/axell-group.com\/pl\/wp-json\/wp\/v2\/comments?post=1464"}],"version-history":[{"count":0,"href":"https:\/\/axell-group.com\/pl\/wp-json\/wp\/v2\/pages\/1464\/revisions"}],"up":[{"embeddable":true,"href":"https:\/\/axell-group.com\/pl\/wp-json\/wp\/v2\/pages\/1325"}],"wp:attachment":[{"href":"https:\/\/axell-group.com\/pl\/wp-json\/wp\/v2\/media?parent=1464"}],"curies":[{"name":"wp","href":"https:\/\/api.w.org\/{rel}","templated":true}]}}