{"id":1495,"date":"2024-09-23T16:00:34","date_gmt":"2024-09-23T14:00:34","guid":{"rendered":"https:\/\/axell-group.com\/pl\/?page_id=1495"},"modified":"2026-03-11T15:58:32","modified_gmt":"2026-03-11T14:58:32","slug":"pozostale-uslugi-finansowe","status":"publish","type":"page","link":"https:\/\/axell-group.com\/pl\/uslugi\/pozostale-uslugi-finansowe\/","title":{"rendered":"Inne us\u0142ugi finansowe"},"content":{"rendered":"","protected":false},"excerpt":{"rendered":"<p>Axell Financial Services oferuje wsparcie w zakresie r\u00f3\u017cnych us\u0142ug finansowych &#8211; od doradztwa prawnego po zarz\u0105dzanie flot\u0105 pojazd\u00f3w. W Axell Financial Services znajdziesz wyspecjalizowanego partnera z ponad 20-letnim do\u015bwiadczeniem w bran\u017cy finansowej.<\/p>\n","protected":false},"author":8,"featured_media":0,"parent":1325,"menu_order":0,"comment_status":"closed","ping_status":"closed","template":"","meta":{"_acf_changed":false,"content-type":"","inline_featured_image":false,"footnotes":""},"class_list":["post-1495","page","type-page","status-publish","hentry"],"acf":[],"_links":{"self":[{"href":"https:\/\/axell-group.com\/pl\/wp-json\/wp\/v2\/pages\/1495","targetHints":{"allow":["GET"]}}],"collection":[{"href":"https:\/\/axell-group.com\/pl\/wp-json\/wp\/v2\/pages"}],"about":[{"href":"https:\/\/axell-group.com\/pl\/wp-json\/wp\/v2\/types\/page"}],"author":[{"embeddable":true,"href":"https:\/\/axell-group.com\/pl\/wp-json\/wp\/v2\/users\/8"}],"replies":[{"embeddable":true,"href":"https:\/\/axell-group.com\/pl\/wp-json\/wp\/v2\/comments?post=1495"}],"version-history":[{"count":0,"href":"https:\/\/axell-group.com\/pl\/wp-json\/wp\/v2\/pages\/1495\/revisions"}],"up":[{"embeddable":true,"href":"https:\/\/axell-group.com\/pl\/wp-json\/wp\/v2\/pages\/1325"}],"wp:attachment":[{"href":"https:\/\/axell-group.com\/pl\/wp-json\/wp\/v2\/media?parent=1495"}],"curies":[{"name":"wp","href":"https:\/\/api.w.org\/{rel}","templated":true}]}}