{"id":1496,"date":"2024-09-18T13:33:11","date_gmt":"2024-09-18T11:33:11","guid":{"rendered":"https:\/\/axell-group.com\/pl\/?page_id=1496"},"modified":"2026-03-11T15:06:50","modified_gmt":"2026-03-11T14:06:50","slug":"outsourcing-hr-i-administracji-placowej","status":"publish","type":"page","link":"https:\/\/axell-group.com\/pl\/uslugi\/outsourcing-hr-i-administracji-placowej\/","title":{"rendered":"Outsourcing us\u0142ug HR"},"content":{"rendered":"","protected":false},"excerpt":{"rendered":"<p>ChatGPT powiedzia\u0142:<\/p>\n<p>Jako firma mo\u017cesz powierzy\u0107 obs\u0142ug\u0119 HR i administracji p\u0142acowej Axell Financial Services.<br \/>\nZajmujemy si\u0119 kompleksowo ca\u0142ym procesem. od naliczania wynagrodze\u0144, przez wszystkie czynno\u015bci administracyjne, a\u017c po pe\u0142n\u0105 obs\u0142ug\u0119 kadrow\u0105 pracownik\u00f3w.<\/p>\n","protected":false},"author":8,"featured_media":0,"parent":1325,"menu_order":0,"comment_status":"closed","ping_status":"closed","template":"","meta":{"_acf_changed":false,"content-type":"","inline_featured_image":false,"footnotes":""},"class_list":["post-1496","page","type-page","status-publish","hentry"],"acf":[],"_links":{"self":[{"href":"https:\/\/axell-group.com\/pl\/wp-json\/wp\/v2\/pages\/1496","targetHints":{"allow":["GET"]}}],"collection":[{"href":"https:\/\/axell-group.com\/pl\/wp-json\/wp\/v2\/pages"}],"about":[{"href":"https:\/\/axell-group.com\/pl\/wp-json\/wp\/v2\/types\/page"}],"author":[{"embeddable":true,"href":"https:\/\/axell-group.com\/pl\/wp-json\/wp\/v2\/users\/8"}],"replies":[{"embeddable":true,"href":"https:\/\/axell-group.com\/pl\/wp-json\/wp\/v2\/comments?post=1496"}],"version-history":[{"count":0,"href":"https:\/\/axell-group.com\/pl\/wp-json\/wp\/v2\/pages\/1496\/revisions"}],"up":[{"embeddable":true,"href":"https:\/\/axell-group.com\/pl\/wp-json\/wp\/v2\/pages\/1325"}],"wp:attachment":[{"href":"https:\/\/axell-group.com\/pl\/wp-json\/wp\/v2\/media?parent=1496"}],"curies":[{"name":"wp","href":"https:\/\/api.w.org\/{rel}","templated":true}]}}