{"id":1842,"date":"2025-02-07T14:40:21","date_gmt":"2025-02-07T13:40:21","guid":{"rendered":"https:\/\/axell-group.com\/pl\/?page_id=1842"},"modified":"2026-04-09T11:26:26","modified_gmt":"2026-04-09T09:26:26","slug":"dystrybucja","status":"publish","type":"page","link":"https:\/\/axell-group.com\/pl\/dystrybucja\/","title":{"rendered":"Dystrybucja"},"content":{"rendered":"<p>&nbsp;<\/p>\n<p>&nbsp;<\/p>\n","protected":false},"excerpt":{"rendered":"<p>Axell Logistics to partner z ponad 90-letnim do\u015bwiadczeniem, na kt\u00f3rego mo\u017cna zawsze liczy\u0107 w zakresie dystrybucji. Od producenta a\u017c do u\u017cytkownika ko\u0144cowego \u2013 przejmujemy pe\u0142n\u0105 odpowiedzialno\u015b\u0107 za ca\u0142y proces dystrybucji.<\/p>\n","protected":false},"author":9,"featured_media":0,"parent":0,"menu_order":0,"comment_status":"closed","ping_status":"closed","template":"","meta":{"_acf_changed":false,"content-type":"","inline_featured_image":false,"footnotes":""},"class_list":["post-1842","page","type-page","status-publish","hentry"],"acf":[],"_links":{"self":[{"href":"https:\/\/axell-group.com\/pl\/wp-json\/wp\/v2\/pages\/1842","targetHints":{"allow":["GET"]}}],"collection":[{"href":"https:\/\/axell-group.com\/pl\/wp-json\/wp\/v2\/pages"}],"about":[{"href":"https:\/\/axell-group.com\/pl\/wp-json\/wp\/v2\/types\/page"}],"author":[{"embeddable":true,"href":"https:\/\/axell-group.com\/pl\/wp-json\/wp\/v2\/users\/9"}],"replies":[{"embeddable":true,"href":"https:\/\/axell-group.com\/pl\/wp-json\/wp\/v2\/comments?post=1842"}],"version-history":[{"count":0,"href":"https:\/\/axell-group.com\/pl\/wp-json\/wp\/v2\/pages\/1842\/revisions"}],"wp:attachment":[{"href":"https:\/\/axell-group.com\/pl\/wp-json\/wp\/v2\/media?parent=1842"}],"curies":[{"name":"wp","href":"https:\/\/api.w.org\/{rel}","templated":true}]}}