{"id":1849,"date":"2025-02-17T17:22:18","date_gmt":"2025-02-17T16:22:18","guid":{"rendered":"https:\/\/axell-group.com\/pl\/?page_id=1849"},"modified":"2026-04-09T11:30:03","modified_gmt":"2026-04-09T09:30:03","slug":"logistyka-w-handlu-detalicznym","status":"publish","type":"page","link":"https:\/\/axell-group.com\/pl\/sektory\/logistyka-w-handlu-detalicznym\/","title":{"rendered":"Handel detaliczny"},"content":{"rendered":"","protected":false},"excerpt":{"rendered":"<p>Axell Logistics oferuje rozwi\u0105zania transportowe i logistyczne, kt\u00f3re dostarczaj\u0105 Tw\u00f3j produkt z magazynu do klienta \u2013 wtedy i tam, gdzie jest potrzebny. Rozumiemy, \u017ce oczekiwania Twoich klient\u00f3w nieustannie si\u0119 zmieniaj\u0105, dlatego dostosowujemy nasze us\u0142ugi, aby sprosta\u0107 dynamice rynku retail.<\/p>\n","protected":false},"author":9,"featured_media":0,"parent":1850,"menu_order":0,"comment_status":"closed","ping_status":"closed","template":"","meta":{"_acf_changed":false,"content-type":"","inline_featured_image":false,"footnotes":""},"class_list":["post-1849","page","type-page","status-publish","hentry"],"acf":[],"_links":{"self":[{"href":"https:\/\/axell-group.com\/pl\/wp-json\/wp\/v2\/pages\/1849","targetHints":{"allow":["GET"]}}],"collection":[{"href":"https:\/\/axell-group.com\/pl\/wp-json\/wp\/v2\/pages"}],"about":[{"href":"https:\/\/axell-group.com\/pl\/wp-json\/wp\/v2\/types\/page"}],"author":[{"embeddable":true,"href":"https:\/\/axell-group.com\/pl\/wp-json\/wp\/v2\/users\/9"}],"replies":[{"embeddable":true,"href":"https:\/\/axell-group.com\/pl\/wp-json\/wp\/v2\/comments?post=1849"}],"version-history":[{"count":0,"href":"https:\/\/axell-group.com\/pl\/wp-json\/wp\/v2\/pages\/1849\/revisions"}],"up":[{"embeddable":true,"href":"https:\/\/axell-group.com\/pl\/wp-json\/wp\/v2\/pages\/1850"}],"wp:attachment":[{"href":"https:\/\/axell-group.com\/pl\/wp-json\/wp\/v2\/media?parent=1849"}],"curies":[{"name":"wp","href":"https:\/\/api.w.org\/{rel}","templated":true}]}}