{"id":1850,"date":"2025-02-17T17:27:38","date_gmt":"2025-02-17T16:27:38","guid":{"rendered":"https:\/\/axell-group.com\/pl\/?page_id=1850"},"modified":"2026-03-03T13:16:16","modified_gmt":"2026-03-03T12:16:16","slug":"sektory","status":"publish","type":"page","link":"https:\/\/axell-group.com\/pl\/sektory\/","title":{"rendered":"Sektory"},"content":{"rendered":"","protected":false},"excerpt":{"rendered":"<p>Nasi specjali\u015bci ds. logistyki znaj\u0105 si\u0119 na swoim fachu jak nikt inny. Ale co naprawd\u0119 nas wyr\u00f3\u017cnia? Dog\u0142\u0119bnie rozumiemy Twoj\u0105 bran\u017c\u0119. Dzi\u0119ki wieloletniej wsp\u00f3\u0142pracy z firmami z Twojego sektora dostosowujemy nasze us\u0142ugi i innowacje idealnie do Twoich potrzeb.<\/p>\n","protected":false},"author":9,"featured_media":0,"parent":0,"menu_order":0,"comment_status":"closed","ping_status":"closed","template":"","meta":{"_acf_changed":false,"content-type":"","inline_featured_image":false,"footnotes":""},"class_list":["post-1850","page","type-page","status-publish","hentry"],"acf":[],"_links":{"self":[{"href":"https:\/\/axell-group.com\/pl\/wp-json\/wp\/v2\/pages\/1850","targetHints":{"allow":["GET"]}}],"collection":[{"href":"https:\/\/axell-group.com\/pl\/wp-json\/wp\/v2\/pages"}],"about":[{"href":"https:\/\/axell-group.com\/pl\/wp-json\/wp\/v2\/types\/page"}],"author":[{"embeddable":true,"href":"https:\/\/axell-group.com\/pl\/wp-json\/wp\/v2\/users\/9"}],"replies":[{"embeddable":true,"href":"https:\/\/axell-group.com\/pl\/wp-json\/wp\/v2\/comments?post=1850"}],"version-history":[{"count":0,"href":"https:\/\/axell-group.com\/pl\/wp-json\/wp\/v2\/pages\/1850\/revisions"}],"wp:attachment":[{"href":"https:\/\/axell-group.com\/pl\/wp-json\/wp\/v2\/media?parent=1850"}],"curies":[{"name":"wp","href":"https:\/\/api.w.org\/{rel}","templated":true}]}}