{"id":1853,"date":"2025-02-17T17:22:01","date_gmt":"2025-02-17T16:22:01","guid":{"rendered":"https:\/\/axell-group.com\/pl\/?page_id=1853"},"modified":"2026-04-09T11:31:41","modified_gmt":"2026-04-09T09:31:41","slug":"e-commerce","status":"publish","type":"page","link":"https:\/\/axell-group.com\/pl\/sektory\/e-commerce\/","title":{"rendered":"E-commerce"},"content":{"rendered":"","protected":false},"excerpt":{"rendered":"<p>Bran\u017ca e-commerce wymaga szybko\u015bci i niezawodno\u015bci. Axell Logistics oferuje rozwi\u0105zania logistyczne, kt\u00f3re pomagaj\u0105 Twojej firmie szybko i sprawnie realizowa\u0107 oraz dostarcza\u0107 zam\u00f3wienia. Dzi\u0119ki naszemu do\u015bwiadczeniu w logistyce zapewniamy, \u017ce Twoi klienci otrzymuj\u0105 swoje zam\u00f3wienia na czas, niezale\u017cnie od miejsca dostawy.<\/p>\n","protected":false},"author":9,"featured_media":0,"parent":1850,"menu_order":0,"comment_status":"closed","ping_status":"closed","template":"","meta":{"_acf_changed":false,"content-type":"","inline_featured_image":false,"footnotes":""},"class_list":["post-1853","page","type-page","status-publish","hentry"],"acf":[],"_links":{"self":[{"href":"https:\/\/axell-group.com\/pl\/wp-json\/wp\/v2\/pages\/1853","targetHints":{"allow":["GET"]}}],"collection":[{"href":"https:\/\/axell-group.com\/pl\/wp-json\/wp\/v2\/pages"}],"about":[{"href":"https:\/\/axell-group.com\/pl\/wp-json\/wp\/v2\/types\/page"}],"author":[{"embeddable":true,"href":"https:\/\/axell-group.com\/pl\/wp-json\/wp\/v2\/users\/9"}],"replies":[{"embeddable":true,"href":"https:\/\/axell-group.com\/pl\/wp-json\/wp\/v2\/comments?post=1853"}],"version-history":[{"count":0,"href":"https:\/\/axell-group.com\/pl\/wp-json\/wp\/v2\/pages\/1853\/revisions"}],"up":[{"embeddable":true,"href":"https:\/\/axell-group.com\/pl\/wp-json\/wp\/v2\/pages\/1850"}],"wp:attachment":[{"href":"https:\/\/axell-group.com\/pl\/wp-json\/wp\/v2\/media?parent=1853"}],"curies":[{"name":"wp","href":"https:\/\/api.w.org\/{rel}","templated":true}]}}