{"id":1854,"date":"2025-02-17T17:27:27","date_gmt":"2025-02-17T16:27:27","guid":{"rendered":"https:\/\/axell-group.com\/pl\/?page_id=1854"},"modified":"2026-04-09T11:33:13","modified_gmt":"2026-04-09T09:33:13","slug":"sektor-zaawansowanych-technologii","status":"publish","type":"page","link":"https:\/\/axell-group.com\/pl\/sektory\/sektor-zaawansowanych-technologii\/","title":{"rendered":"Sektor zaawansowanych technologii"},"content":{"rendered":"","protected":false},"excerpt":{"rendered":"<p>Sektor zaawansowanych technologii nieustannie si\u0119 rozwija i stawia wysokie wymagania wobec proces\u00f3w logistycznych. Od wra\u017cliwych komponent\u00f3w elektronicznych i zaawansowanych maszyn po nowoczesne urz\u0105dzenia \u2013 wydajny i bezpieczny \u0142a\u0144cuch dostaw jest kluczowy.<\/p>\n","protected":false},"author":9,"featured_media":0,"parent":1850,"menu_order":0,"comment_status":"closed","ping_status":"closed","template":"","meta":{"_acf_changed":false,"content-type":"","inline_featured_image":false,"footnotes":""},"class_list":["post-1854","page","type-page","status-publish","hentry"],"acf":[],"_links":{"self":[{"href":"https:\/\/axell-group.com\/pl\/wp-json\/wp\/v2\/pages\/1854","targetHints":{"allow":["GET"]}}],"collection":[{"href":"https:\/\/axell-group.com\/pl\/wp-json\/wp\/v2\/pages"}],"about":[{"href":"https:\/\/axell-group.com\/pl\/wp-json\/wp\/v2\/types\/page"}],"author":[{"embeddable":true,"href":"https:\/\/axell-group.com\/pl\/wp-json\/wp\/v2\/users\/9"}],"replies":[{"embeddable":true,"href":"https:\/\/axell-group.com\/pl\/wp-json\/wp\/v2\/comments?post=1854"}],"version-history":[{"count":0,"href":"https:\/\/axell-group.com\/pl\/wp-json\/wp\/v2\/pages\/1854\/revisions"}],"up":[{"embeddable":true,"href":"https:\/\/axell-group.com\/pl\/wp-json\/wp\/v2\/pages\/1850"}],"wp:attachment":[{"href":"https:\/\/axell-group.com\/pl\/wp-json\/wp\/v2\/media?parent=1854"}],"curies":[{"name":"wp","href":"https:\/\/api.w.org\/{rel}","templated":true}]}}