{"id":1855,"date":"2025-02-17T17:25:50","date_gmt":"2025-02-17T16:25:50","guid":{"rendered":"https:\/\/axell-group.com\/pl\/?page_id=1855"},"modified":"2026-04-09T11:35:25","modified_gmt":"2026-04-09T09:35:25","slug":"sektor-ochrony-zdrowia","status":"publish","type":"page","link":"https:\/\/axell-group.com\/pl\/sektory\/sektor-ochrony-zdrowia\/","title":{"rendered":"Sektor ochrony zdrowia"},"content":{"rendered":"","protected":false},"excerpt":{"rendered":"<p>W opiece zdrowotnej niezawodno\u015b\u0107 i precyzja maj\u0105 kluczowe znaczenie. Od sprz\u0119tu medycznego po produkty \u2013 Axell Logistics zapewnia niezawodne i efektywne rozwi\u0105zania w zakresie transportu, magazynowania i dystrybucji, kt\u00f3re spe\u0142niaj\u0105 najwy\u017csze standardy bezpiecze\u0144stwa.<\/p>\n","protected":false},"author":9,"featured_media":0,"parent":1850,"menu_order":0,"comment_status":"closed","ping_status":"closed","template":"","meta":{"_acf_changed":false,"content-type":"","inline_featured_image":false,"footnotes":""},"class_list":["post-1855","page","type-page","status-publish","hentry"],"acf":[],"_links":{"self":[{"href":"https:\/\/axell-group.com\/pl\/wp-json\/wp\/v2\/pages\/1855","targetHints":{"allow":["GET"]}}],"collection":[{"href":"https:\/\/axell-group.com\/pl\/wp-json\/wp\/v2\/pages"}],"about":[{"href":"https:\/\/axell-group.com\/pl\/wp-json\/wp\/v2\/types\/page"}],"author":[{"embeddable":true,"href":"https:\/\/axell-group.com\/pl\/wp-json\/wp\/v2\/users\/9"}],"replies":[{"embeddable":true,"href":"https:\/\/axell-group.com\/pl\/wp-json\/wp\/v2\/comments?post=1855"}],"version-history":[{"count":0,"href":"https:\/\/axell-group.com\/pl\/wp-json\/wp\/v2\/pages\/1855\/revisions"}],"up":[{"embeddable":true,"href":"https:\/\/axell-group.com\/pl\/wp-json\/wp\/v2\/pages\/1850"}],"wp:attachment":[{"href":"https:\/\/axell-group.com\/pl\/wp-json\/wp\/v2\/media?parent=1855"}],"curies":[{"name":"wp","href":"https:\/\/api.w.org\/{rel}","templated":true}]}}