{"id":1921,"date":"2025-03-04T09:52:57","date_gmt":"2025-03-04T08:52:57","guid":{"rendered":"https:\/\/axell-group.com\/pl\/?page_id=1921"},"modified":"2026-02-24T12:27:24","modified_gmt":"2026-02-24T11:27:24","slug":"pobierz-biala-ksiege-3pl","status":"publish","type":"page","link":"https:\/\/axell-group.com\/pl\/pobierz-biala-ksiege-3pl\/","title":{"rendered":"Pobierz bia\u0142\u0105 ksi\u0119g\u0119 3PL"},"content":{"rendered":"","protected":false},"excerpt":{"rendered":"<p>Do you want to know whether managing it yourself or outsourcing to a 3PL partner is the right choice for your company? Download the whitepaper.<\/p>\n","protected":false},"author":9,"featured_media":2632,"parent":0,"menu_order":0,"comment_status":"closed","ping_status":"closed","template":"","meta":{"_acf_changed":false,"content-type":"","inline_featured_image":false,"footnotes":""},"class_list":["post-1921","page","type-page","status-publish","has-post-thumbnail","hentry"],"acf":[],"_links":{"self":[{"href":"https:\/\/axell-group.com\/pl\/wp-json\/wp\/v2\/pages\/1921","targetHints":{"allow":["GET"]}}],"collection":[{"href":"https:\/\/axell-group.com\/pl\/wp-json\/wp\/v2\/pages"}],"about":[{"href":"https:\/\/axell-group.com\/pl\/wp-json\/wp\/v2\/types\/page"}],"author":[{"embeddable":true,"href":"https:\/\/axell-group.com\/pl\/wp-json\/wp\/v2\/users\/9"}],"replies":[{"embeddable":true,"href":"https:\/\/axell-group.com\/pl\/wp-json\/wp\/v2\/comments?post=1921"}],"version-history":[{"count":0,"href":"https:\/\/axell-group.com\/pl\/wp-json\/wp\/v2\/pages\/1921\/revisions"}],"wp:featuredmedia":[{"embeddable":true,"href":"https:\/\/axell-group.com\/pl\/wp-json\/wp\/v2\/media\/2632"}],"wp:attachment":[{"href":"https:\/\/axell-group.com\/pl\/wp-json\/wp\/v2\/media?parent=1921"}],"curies":[{"name":"wp","href":"https:\/\/api.w.org\/{rel}","templated":true}]}}