{"id":1983,"date":"2025-04-04T11:23:19","date_gmt":"2025-04-04T09:23:19","guid":{"rendered":"https:\/\/axell-group.com\/pl\/?page_id=1983"},"modified":"2026-03-10T13:59:20","modified_gmt":"2026-03-10T12:59:20","slug":"transport-miedzynarodowy","status":"publish","type":"page","link":"https:\/\/axell-group.com\/pl\/transport-miedzynarodowy\/","title":{"rendered":"Transport mi\u0119dzynarodowy"},"content":{"rendered":"","protected":false},"excerpt":{"rendered":"<p>Axell Logistics zapewnia indywidualnie dopasowane rozwi\u0105zania w zakresie transportu mi\u0119dzynarodowego dla firm, kt\u00f3re planuj\u0105 przew\u00f3z towar\u00f3w poza terytorium Polski i Holandii. Niezale\u017cnie od tego, czy chodzi o mniejsze przesy\u0142ki w systemie grupowym (LTL), czy pe\u0142ne \u0142adunki ca\u0142opojazdowe (FTL) \u2013 Axell skutecznie organizuje transport do wielu kraj\u00f3w na \u015bwiecie.<\/p>\n","protected":false},"author":9,"featured_media":2139,"parent":0,"menu_order":0,"comment_status":"closed","ping_status":"closed","template":"","meta":{"_acf_changed":false,"content-type":"","inline_featured_image":false,"footnotes":""},"class_list":["post-1983","page","type-page","status-publish","has-post-thumbnail","hentry"],"acf":[],"_links":{"self":[{"href":"https:\/\/axell-group.com\/pl\/wp-json\/wp\/v2\/pages\/1983","targetHints":{"allow":["GET"]}}],"collection":[{"href":"https:\/\/axell-group.com\/pl\/wp-json\/wp\/v2\/pages"}],"about":[{"href":"https:\/\/axell-group.com\/pl\/wp-json\/wp\/v2\/types\/page"}],"author":[{"embeddable":true,"href":"https:\/\/axell-group.com\/pl\/wp-json\/wp\/v2\/users\/9"}],"replies":[{"embeddable":true,"href":"https:\/\/axell-group.com\/pl\/wp-json\/wp\/v2\/comments?post=1983"}],"version-history":[{"count":0,"href":"https:\/\/axell-group.com\/pl\/wp-json\/wp\/v2\/pages\/1983\/revisions"}],"wp:featuredmedia":[{"embeddable":true,"href":"https:\/\/axell-group.com\/pl\/wp-json\/wp\/v2\/media\/2139"}],"wp:attachment":[{"href":"https:\/\/axell-group.com\/pl\/wp-json\/wp\/v2\/media?parent=1983"}],"curies":[{"name":"wp","href":"https:\/\/api.w.org\/{rel}","templated":true}]}}