{"id":2038,"date":"2025-05-26T10:54:14","date_gmt":"2025-05-26T08:54:14","guid":{"rendered":"https:\/\/axell-group.com\/pl\/?page_id=2038"},"modified":"2026-04-09T11:18:09","modified_gmt":"2026-04-09T09:18:09","slug":"cross-dock","status":"publish","type":"page","link":"https:\/\/axell-group.com\/pl\/magazynowanie\/cross-dock\/","title":{"rendered":"Cross dock"},"content":{"rendered":"","protected":false},"excerpt":{"rendered":"<p>Cross-docking to strategia logistyczna, w kt\u00f3rej towary przychodz\u0105ce s\u0105 bezpo\u015brednio prze\u0142adowywane na pojazdy wychodz\u0105ce, bez lub z minimalnym czasem magazynowania. Dzi\u0119ki cross-dockingowi przyspiesza przep\u0142yw towar\u00f3w i zmniejsza si\u0119 koszt magazynowania.<\/p>\n","protected":false},"author":9,"featured_media":0,"parent":777,"menu_order":0,"comment_status":"closed","ping_status":"closed","template":"","meta":{"_acf_changed":false,"content-type":"","inline_featured_image":false,"footnotes":""},"class_list":["post-2038","page","type-page","status-publish","hentry"],"acf":[],"_links":{"self":[{"href":"https:\/\/axell-group.com\/pl\/wp-json\/wp\/v2\/pages\/2038","targetHints":{"allow":["GET"]}}],"collection":[{"href":"https:\/\/axell-group.com\/pl\/wp-json\/wp\/v2\/pages"}],"about":[{"href":"https:\/\/axell-group.com\/pl\/wp-json\/wp\/v2\/types\/page"}],"author":[{"embeddable":true,"href":"https:\/\/axell-group.com\/pl\/wp-json\/wp\/v2\/users\/9"}],"replies":[{"embeddable":true,"href":"https:\/\/axell-group.com\/pl\/wp-json\/wp\/v2\/comments?post=2038"}],"version-history":[{"count":0,"href":"https:\/\/axell-group.com\/pl\/wp-json\/wp\/v2\/pages\/2038\/revisions"}],"up":[{"embeddable":true,"href":"https:\/\/axell-group.com\/pl\/wp-json\/wp\/v2\/pages\/777"}],"wp:attachment":[{"href":"https:\/\/axell-group.com\/pl\/wp-json\/wp\/v2\/media?parent=2038"}],"curies":[{"name":"wp","href":"https:\/\/api.w.org\/{rel}","templated":true}]}}