{"id":2121,"date":"2025-05-27T11:19:19","date_gmt":"2025-05-27T09:19:19","guid":{"rendered":"https:\/\/axell-group.com\/pl\/?page_id=2121"},"modified":"2026-04-20T11:37:48","modified_gmt":"2026-04-20T09:37:48","slug":"transport-drobnicowy","status":"publish","type":"page","link":"https:\/\/axell-group.com\/pl\/transport\/transport-drobnicowy\/","title":{"rendered":"Transport drobnicowy"},"content":{"rendered":"","protected":false},"excerpt":{"rendered":"<p>Oferujemy us\u0142ugi transportu drobnicowego (groupage) pomi\u0119dzy Holandi\u0105 a Polsk\u0105, dzi\u0119ki czemu firmy mog\u0105 \u0142atwiej i bardziej ekonomicznie wysy\u0142a\u0107 mniejsze partie towaru. To idealne rozwi\u0105zanie dla \u0142adunk\u00f3w zbyt du\u017cych dla firmy kurierskiej, ale niewymagaj\u0105cych pe\u0142nego za\u0142adunku ci\u0119\u017car\u00f3wki. Opr\u00f3cz transportu drobnicowego zapewniamy r\u00f3wnie\u017c us\u0142ugi FTL (Full Truck Load) i LTL (Less Than Truck Load), co pozwala nam oferowa\u0107 elastyczne rozwi\u0105zania dla ka\u017cdej przesy\u0142ki \u2013 niezale\u017cnie od jej wielko\u015bci.<\/p>\n","protected":false},"author":9,"featured_media":0,"parent":1412,"menu_order":0,"comment_status":"closed","ping_status":"closed","template":"","meta":{"_acf_changed":false,"content-type":"","inline_featured_image":false,"footnotes":""},"class_list":["post-2121","page","type-page","status-publish","hentry"],"acf":[],"_links":{"self":[{"href":"https:\/\/axell-group.com\/pl\/wp-json\/wp\/v2\/pages\/2121","targetHints":{"allow":["GET"]}}],"collection":[{"href":"https:\/\/axell-group.com\/pl\/wp-json\/wp\/v2\/pages"}],"about":[{"href":"https:\/\/axell-group.com\/pl\/wp-json\/wp\/v2\/types\/page"}],"author":[{"embeddable":true,"href":"https:\/\/axell-group.com\/pl\/wp-json\/wp\/v2\/users\/9"}],"replies":[{"embeddable":true,"href":"https:\/\/axell-group.com\/pl\/wp-json\/wp\/v2\/comments?post=2121"}],"version-history":[{"count":0,"href":"https:\/\/axell-group.com\/pl\/wp-json\/wp\/v2\/pages\/2121\/revisions"}],"up":[{"embeddable":true,"href":"https:\/\/axell-group.com\/pl\/wp-json\/wp\/v2\/pages\/1412"}],"wp:attachment":[{"href":"https:\/\/axell-group.com\/pl\/wp-json\/wp\/v2\/media?parent=2121"}],"curies":[{"name":"wp","href":"https:\/\/api.w.org\/{rel}","templated":true}]}}