{"id":2372,"date":"2025-10-31T09:06:57","date_gmt":"2025-10-31T08:06:57","guid":{"rendered":"https:\/\/axell-group.com\/pl\/?page_id=2372"},"modified":"2026-02-24T12:19:09","modified_gmt":"2026-02-24T11:19:09","slug":"zrownowazony-rozwoj","status":"publish","type":"page","link":"https:\/\/axell-group.com\/pl\/o-nas\/zrownowazony-rozwoj\/","title":{"rendered":"Zr\u00f3wnowa\u017cony rozw\u00f3j"},"content":{"rendered":"","protected":false},"excerpt":{"rendered":"<p>W Axell Group traktujemy zr\u00f3wnowa\u017cony rozw\u00f3j jako jedn\u0105 z naszych kluczowych warto\u015bci we wszystkim, co robimy. D\u0105\u017cymy do wdra\u017cania przyjaznych dla \u015brodowiska praktyk w naszych us\u0142ugach logistycznych i finansowych, koncentruj\u0105c si\u0119 na ograniczaniu \u015bladu ekologicznego oraz promowaniu spo\u0142ecznie odpowiedzialnego biznesu.<\/p>\n","protected":false},"author":9,"featured_media":0,"parent":458,"menu_order":0,"comment_status":"closed","ping_status":"closed","template":"","meta":{"_acf_changed":false,"content-type":"","inline_featured_image":false,"footnotes":""},"class_list":["post-2372","page","type-page","status-publish","hentry"],"acf":[],"_links":{"self":[{"href":"https:\/\/axell-group.com\/pl\/wp-json\/wp\/v2\/pages\/2372","targetHints":{"allow":["GET"]}}],"collection":[{"href":"https:\/\/axell-group.com\/pl\/wp-json\/wp\/v2\/pages"}],"about":[{"href":"https:\/\/axell-group.com\/pl\/wp-json\/wp\/v2\/types\/page"}],"author":[{"embeddable":true,"href":"https:\/\/axell-group.com\/pl\/wp-json\/wp\/v2\/users\/9"}],"replies":[{"embeddable":true,"href":"https:\/\/axell-group.com\/pl\/wp-json\/wp\/v2\/comments?post=2372"}],"version-history":[{"count":0,"href":"https:\/\/axell-group.com\/pl\/wp-json\/wp\/v2\/pages\/2372\/revisions"}],"up":[{"embeddable":true,"href":"https:\/\/axell-group.com\/pl\/wp-json\/wp\/v2\/pages\/458"}],"wp:attachment":[{"href":"https:\/\/axell-group.com\/pl\/wp-json\/wp\/v2\/media?parent=2372"}],"curies":[{"name":"wp","href":"https:\/\/api.w.org\/{rel}","templated":true}]}}