{"id":2459,"date":"2025-11-27T11:41:07","date_gmt":"2025-11-27T10:41:07","guid":{"rendered":"https:\/\/axell-group.com\/pl\/?page_id=2459"},"modified":"2026-04-21T13:08:06","modified_gmt":"2026-04-21T11:08:06","slug":"logistyka-produktow-spozywczych","status":"publish","type":"page","link":"https:\/\/axell-group.com\/pl\/sektory\/logistyka-produktow-spozywczych\/","title":{"rendered":"Sektor spo\u017cywczy"},"content":{"rendered":"","protected":false},"excerpt":{"rendered":"<p>Niezale\u017cnie od tego, czy chodzi o dystrybucj\u0119 trwa\u0142ych produkt\u00f3w spo\u017cywczych w Europie, magazynowanie pakowanych produkt\u00f3w food, czy przygotowanie materia\u0142\u00f3w promocyjnych w standardzie retail-ready \u2014 w Axell Logistics znajd\u0105 Pa\u0144stwo wszystkie us\u0142ugi logistyczne dla bran\u017cy spo\u017cywczej pod jednym dachem.<\/p>\n","protected":false},"author":9,"featured_media":2458,"parent":1850,"menu_order":0,"comment_status":"closed","ping_status":"closed","template":"","meta":{"_acf_changed":false,"content-type":"","inline_featured_image":false,"footnotes":""},"class_list":["post-2459","page","type-page","status-publish","has-post-thumbnail","hentry"],"acf":[],"_links":{"self":[{"href":"https:\/\/axell-group.com\/pl\/wp-json\/wp\/v2\/pages\/2459","targetHints":{"allow":["GET"]}}],"collection":[{"href":"https:\/\/axell-group.com\/pl\/wp-json\/wp\/v2\/pages"}],"about":[{"href":"https:\/\/axell-group.com\/pl\/wp-json\/wp\/v2\/types\/page"}],"author":[{"embeddable":true,"href":"https:\/\/axell-group.com\/pl\/wp-json\/wp\/v2\/users\/9"}],"replies":[{"embeddable":true,"href":"https:\/\/axell-group.com\/pl\/wp-json\/wp\/v2\/comments?post=2459"}],"version-history":[{"count":0,"href":"https:\/\/axell-group.com\/pl\/wp-json\/wp\/v2\/pages\/2459\/revisions"}],"up":[{"embeddable":true,"href":"https:\/\/axell-group.com\/pl\/wp-json\/wp\/v2\/pages\/1850"}],"wp:featuredmedia":[{"embeddable":true,"href":"https:\/\/axell-group.com\/pl\/wp-json\/wp\/v2\/media\/2458"}],"wp:attachment":[{"href":"https:\/\/axell-group.com\/pl\/wp-json\/wp\/v2\/media?parent=2459"}],"curies":[{"name":"wp","href":"https:\/\/api.w.org\/{rel}","templated":true}]}}