{"id":2589,"date":"2026-01-13T10:53:57","date_gmt":"2026-01-13T09:53:57","guid":{"rendered":"https:\/\/axell-group.com\/pl\/?page_id=2589"},"modified":"2026-04-20T11:36:17","modified_gmt":"2026-04-20T09:36:17","slug":"transport-drobnicowy-i-dystrybucja","status":"publish","type":"page","link":"https:\/\/axell-group.com\/pl\/transport-drobnicowy-i-dystrybucja\/","title":{"rendered":"Transport Drobnicowy i Dystrybucja"},"content":{"rendered":"","protected":false},"excerpt":{"rendered":"<p>Oferujemy us\u0142ugi groupage mi\u0119dzy Holandi\u0105 a Polsk\u0105, dzi\u0119ki czemu firmy mog\u0105 \u0142atwiej i bardziej ekonomicznie wysy\u0142a\u0107 mniejsze \u0142adunki. To idealne rozwi\u0105zanie dla towar\u00f3w, kt\u00f3re s\u0105 zbyt du\u017ce dla us\u0142ug kurierskich, ale nie wymagaj\u0105 pe\u0142nego za\u0142adunku ca\u0142ej ci\u0119\u017car\u00f3wki.<\/p>\n<p>Opr\u00f3cz groupage oferujemy r\u00f3wnie\u017c transport FTL (Full Truck Load) oraz LTL (Less Than Truck Load), zapewniaj\u0105c elastyczno\u015b\u0107 dla ka\u017cdej przesy\u0142ki \u2014 niezale\u017cnie od jej wielko\u015bci.<\/p>\n","protected":false},"author":9,"featured_media":0,"parent":0,"menu_order":0,"comment_status":"closed","ping_status":"closed","template":"","meta":{"_acf_changed":false,"content-type":"","inline_featured_image":false,"footnotes":""},"class_list":["post-2589","page","type-page","status-publish","hentry"],"acf":[],"_links":{"self":[{"href":"https:\/\/axell-group.com\/pl\/wp-json\/wp\/v2\/pages\/2589","targetHints":{"allow":["GET"]}}],"collection":[{"href":"https:\/\/axell-group.com\/pl\/wp-json\/wp\/v2\/pages"}],"about":[{"href":"https:\/\/axell-group.com\/pl\/wp-json\/wp\/v2\/types\/page"}],"author":[{"embeddable":true,"href":"https:\/\/axell-group.com\/pl\/wp-json\/wp\/v2\/users\/9"}],"replies":[{"embeddable":true,"href":"https:\/\/axell-group.com\/pl\/wp-json\/wp\/v2\/comments?post=2589"}],"version-history":[{"count":0,"href":"https:\/\/axell-group.com\/pl\/wp-json\/wp\/v2\/pages\/2589\/revisions"}],"wp:attachment":[{"href":"https:\/\/axell-group.com\/pl\/wp-json\/wp\/v2\/media?parent=2589"}],"curies":[{"name":"wp","href":"https:\/\/api.w.org\/{rel}","templated":true}]}}