{"id":2709,"date":"2026-03-25T10:41:51","date_gmt":"2026-03-25T09:41:51","guid":{"rendered":"https:\/\/axell-group.com\/pl\/?page_id=2709"},"modified":"2026-04-21T12:14:21","modified_gmt":"2026-04-21T10:14:21","slug":"logistyka-fashion","status":"publish","type":"page","link":"https:\/\/axell-group.com\/pl\/sektory\/logistyka-fashion\/","title":{"rendered":"Logistyka dla bran\u017cy fashion dla rozwijaj\u0105cych si\u0119 marek modowych"},"content":{"rendered":"","protected":false},"excerpt":{"rendered":"<p>Niezale\u017cnie od tego, czy chodzi o dystrybucj\u0119 trwa\u0142ych produkt\u00f3w spo\u017cywczych w Europie, magazynowanie pakowanych produkt\u00f3w food, czy przygotowanie materia\u0142\u00f3w promocyjnych w standardzie retail-ready \u2014 w Axell Logistics znajd\u0105 Pa\u0144stwo wszystkie us\u0142ugi logistyczne dla bran\u017cy spo\u017cywczej pod jednym dachem.<\/p>\n","protected":false},"author":17,"featured_media":2490,"parent":1850,"menu_order":0,"comment_status":"closed","ping_status":"closed","template":"","meta":{"_acf_changed":false,"content-type":"","inline_featured_image":false,"footnotes":""},"class_list":["post-2709","page","type-page","status-publish","has-post-thumbnail","hentry"],"acf":[],"_links":{"self":[{"href":"https:\/\/axell-group.com\/pl\/wp-json\/wp\/v2\/pages\/2709","targetHints":{"allow":["GET"]}}],"collection":[{"href":"https:\/\/axell-group.com\/pl\/wp-json\/wp\/v2\/pages"}],"about":[{"href":"https:\/\/axell-group.com\/pl\/wp-json\/wp\/v2\/types\/page"}],"author":[{"embeddable":true,"href":"https:\/\/axell-group.com\/pl\/wp-json\/wp\/v2\/users\/17"}],"replies":[{"embeddable":true,"href":"https:\/\/axell-group.com\/pl\/wp-json\/wp\/v2\/comments?post=2709"}],"version-history":[{"count":0,"href":"https:\/\/axell-group.com\/pl\/wp-json\/wp\/v2\/pages\/2709\/revisions"}],"up":[{"embeddable":true,"href":"https:\/\/axell-group.com\/pl\/wp-json\/wp\/v2\/pages\/1850"}],"wp:featuredmedia":[{"embeddable":true,"href":"https:\/\/axell-group.com\/pl\/wp-json\/wp\/v2\/media\/2490"}],"wp:attachment":[{"href":"https:\/\/axell-group.com\/pl\/wp-json\/wp\/v2\/media?parent=2709"}],"curies":[{"name":"wp","href":"https:\/\/api.w.org\/{rel}","templated":true}]}}