{"id":2783,"date":"2026-04-03T09:47:07","date_gmt":"2026-04-03T07:47:07","guid":{"rendered":"https:\/\/axell-group.com\/pl\/?page_id=2783"},"modified":"2026-04-03T14:53:14","modified_gmt":"2026-04-03T12:53:14","slug":"magazyn-3pl","status":"publish","type":"page","link":"https:\/\/axell-group.com\/pl\/logistyka-kontraktowa\/magazyn-3pl\/","title":{"rendered":"Magazyn 3PL"},"content":{"rendered":"","protected":false},"excerpt":{"rendered":"<p>Logistyka kontraktowa to forma logistyki, kt\u00f3ra umo\u017cliwia powierzenie \u0142a\u0144cucha dostaw wyspecjalizowanemu partnerowi. Takim partnerem jest Axell Logistics. Jako dostawca us\u0142ug logistycznych Axell Logistics przejmuje cz\u0119\u015b\u0107 Twojego \u0142a\u0144cucha dostaw \u2013 od magazynowania, przez transport, a\u017c po cross-docking i kompletacj\u0119 zam\u00f3wie\u0144.<\/p>\n","protected":false},"author":12,"featured_media":0,"parent":776,"menu_order":0,"comment_status":"closed","ping_status":"closed","template":"","meta":{"_acf_changed":false,"content-type":"","inline_featured_image":false,"footnotes":""},"class_list":["post-2783","page","type-page","status-publish","hentry"],"acf":[],"_links":{"self":[{"href":"https:\/\/axell-group.com\/pl\/wp-json\/wp\/v2\/pages\/2783","targetHints":{"allow":["GET"]}}],"collection":[{"href":"https:\/\/axell-group.com\/pl\/wp-json\/wp\/v2\/pages"}],"about":[{"href":"https:\/\/axell-group.com\/pl\/wp-json\/wp\/v2\/types\/page"}],"author":[{"embeddable":true,"href":"https:\/\/axell-group.com\/pl\/wp-json\/wp\/v2\/users\/12"}],"replies":[{"embeddable":true,"href":"https:\/\/axell-group.com\/pl\/wp-json\/wp\/v2\/comments?post=2783"}],"version-history":[{"count":0,"href":"https:\/\/axell-group.com\/pl\/wp-json\/wp\/v2\/pages\/2783\/revisions"}],"up":[{"embeddable":true,"href":"https:\/\/axell-group.com\/pl\/wp-json\/wp\/v2\/pages\/776"}],"wp:attachment":[{"href":"https:\/\/axell-group.com\/pl\/wp-json\/wp\/v2\/media?parent=2783"}],"curies":[{"name":"wp","href":"https:\/\/api.w.org\/{rel}","templated":true}]}}