{"id":2815,"date":"2026-04-10T13:50:15","date_gmt":"2026-04-10T11:50:15","guid":{"rendered":"https:\/\/axell-group.com\/pl\/?page_id=2815"},"modified":"2026-04-10T14:08:57","modified_gmt":"2026-04-10T12:08:57","slug":"transport-europejski-droga-ladowa","status":"publish","type":"page","link":"https:\/\/axell-group.com\/pl\/transport-miedzynarodowy\/transport-europejski-droga-ladowa\/","title":{"rendered":"Transport europejski drog\u0105 l\u0105dow\u0105"},"content":{"rendered":"","protected":false},"excerpt":{"rendered":"<p>Transport to przemieszczanie towar\u00f3w z jednej lokalizacji do drugiej z wykorzystaniem r\u00f3\u017cnych \u015brodk\u00f3w transportu, takich jak ci\u0119\u017car\u00f3wki. Axell Logistics od 90 lat oferuje odpowiednie rozwi\u0105zania dla wszystkich mo\u017cliwych form transportu.<\/p>\n","protected":false},"author":12,"featured_media":0,"parent":1983,"menu_order":0,"comment_status":"closed","ping_status":"closed","template":"","meta":{"_acf_changed":false,"content-type":"","inline_featured_image":false,"footnotes":""},"class_list":["post-2815","page","type-page","status-publish","hentry"],"acf":[],"_links":{"self":[{"href":"https:\/\/axell-group.com\/pl\/wp-json\/wp\/v2\/pages\/2815","targetHints":{"allow":["GET"]}}],"collection":[{"href":"https:\/\/axell-group.com\/pl\/wp-json\/wp\/v2\/pages"}],"about":[{"href":"https:\/\/axell-group.com\/pl\/wp-json\/wp\/v2\/types\/page"}],"author":[{"embeddable":true,"href":"https:\/\/axell-group.com\/pl\/wp-json\/wp\/v2\/users\/12"}],"replies":[{"embeddable":true,"href":"https:\/\/axell-group.com\/pl\/wp-json\/wp\/v2\/comments?post=2815"}],"version-history":[{"count":0,"href":"https:\/\/axell-group.com\/pl\/wp-json\/wp\/v2\/pages\/2815\/revisions"}],"up":[{"embeddable":true,"href":"https:\/\/axell-group.com\/pl\/wp-json\/wp\/v2\/pages\/1983"}],"wp:attachment":[{"href":"https:\/\/axell-group.com\/pl\/wp-json\/wp\/v2\/media?parent=2815"}],"curies":[{"name":"wp","href":"https:\/\/api.w.org\/{rel}","templated":true}]}}