{"id":458,"date":"2021-10-12T04:30:44","date_gmt":"2021-10-12T02:30:44","guid":{"rendered":"https:\/\/axell-group.com\/pl\/?page_id=458"},"modified":"2026-01-14T13:59:45","modified_gmt":"2026-01-14T12:59:45","slug":"o-nas","status":"publish","type":"page","link":"https:\/\/axell-group.com\/pl\/o-nas\/","title":{"rendered":"O Nas"},"content":{"rendered":"","protected":false},"excerpt":{"rendered":"<p>Jako si\u0142a nap\u0119dowa stoj\u0105ca za Axell Logistics i Axell Financial Services oferujemy rozwi\u0105zania szyte na miar\u0119, idealnie dopasowane do Twoich potrzeb. Dzi\u0119ki ponad 90-letniemu do\u015bwiadczeniu i wiedzy w zakresie us\u0142ug logistycznych i finansowych d\u0105\u017cymy do zapewnienia elastycznej i efektywnej obs\u0142ugi, kt\u00f3ra pozwala Twojej firmie rozwija\u0107 si\u0119 i osi\u0105ga\u0107 doskona\u0142o\u015b\u0107.<\/p>\n","protected":false},"author":1,"featured_media":2145,"parent":0,"menu_order":0,"comment_status":"closed","ping_status":"closed","template":"","meta":{"_acf_changed":false,"content-type":"","inline_featured_image":false,"footnotes":""},"class_list":["post-458","page","type-page","status-publish","has-post-thumbnail","hentry"],"acf":[],"_links":{"self":[{"href":"https:\/\/axell-group.com\/pl\/wp-json\/wp\/v2\/pages\/458","targetHints":{"allow":["GET"]}}],"collection":[{"href":"https:\/\/axell-group.com\/pl\/wp-json\/wp\/v2\/pages"}],"about":[{"href":"https:\/\/axell-group.com\/pl\/wp-json\/wp\/v2\/types\/page"}],"author":[{"embeddable":true,"href":"https:\/\/axell-group.com\/pl\/wp-json\/wp\/v2\/users\/1"}],"replies":[{"embeddable":true,"href":"https:\/\/axell-group.com\/pl\/wp-json\/wp\/v2\/comments?post=458"}],"version-history":[{"count":0,"href":"https:\/\/axell-group.com\/pl\/wp-json\/wp\/v2\/pages\/458\/revisions"}],"wp:featuredmedia":[{"embeddable":true,"href":"https:\/\/axell-group.com\/pl\/wp-json\/wp\/v2\/media\/2145"}],"wp:attachment":[{"href":"https:\/\/axell-group.com\/pl\/wp-json\/wp\/v2\/media?parent=458"}],"curies":[{"name":"wp","href":"https:\/\/api.w.org\/{rel}","templated":true}]}}