{"id":480,"date":"2021-10-18T12:29:25","date_gmt":"2021-10-18T10:29:25","guid":{"rendered":"https:\/\/axell-group.com\/pl\/?page_id=480"},"modified":"2026-04-27T16:50:12","modified_gmt":"2026-04-27T14:50:12","slug":"value-added-services","status":"publish","type":"page","link":"https:\/\/axell-group.com\/pl\/magazynowanie\/value-added-services\/","title":{"rendered":"Value Added Service &#8211; VAS \/ VAL"},"content":{"rendered":"","protected":false},"excerpt":{"rendered":"<p>Opr\u00f3cz transportu produkt\u00f3w z punktu A do punktu B, Axell Logistics oferuje dodatkowe, warto\u015bciowe us\u0142ugi. Nazywamy je us\u0142ugami o warto\u015bci dodanej (Value Added Services). Dzi\u0119ki tym dodatkowym us\u0142ugom zapewniamy na przyk\u0142ad odpowiednie opakowania i prawid\u0142owe etykietowanie.<\/p>\n","protected":false},"author":1,"featured_media":0,"parent":777,"menu_order":0,"comment_status":"closed","ping_status":"closed","template":"","meta":{"_acf_changed":false,"content-type":"","inline_featured_image":false,"footnotes":""},"class_list":["post-480","page","type-page","status-publish","hentry"],"acf":[],"_links":{"self":[{"href":"https:\/\/axell-group.com\/pl\/wp-json\/wp\/v2\/pages\/480","targetHints":{"allow":["GET"]}}],"collection":[{"href":"https:\/\/axell-group.com\/pl\/wp-json\/wp\/v2\/pages"}],"about":[{"href":"https:\/\/axell-group.com\/pl\/wp-json\/wp\/v2\/types\/page"}],"author":[{"embeddable":true,"href":"https:\/\/axell-group.com\/pl\/wp-json\/wp\/v2\/users\/1"}],"replies":[{"embeddable":true,"href":"https:\/\/axell-group.com\/pl\/wp-json\/wp\/v2\/comments?post=480"}],"version-history":[{"count":0,"href":"https:\/\/axell-group.com\/pl\/wp-json\/wp\/v2\/pages\/480\/revisions"}],"up":[{"embeddable":true,"href":"https:\/\/axell-group.com\/pl\/wp-json\/wp\/v2\/pages\/777"}],"wp:attachment":[{"href":"https:\/\/axell-group.com\/pl\/wp-json\/wp\/v2\/media?parent=480"}],"curies":[{"name":"wp","href":"https:\/\/api.w.org\/{rel}","templated":true}]}}