{"id":540,"date":"2021-10-27T10:59:31","date_gmt":"2021-10-27T08:59:31","guid":{"rendered":"https:\/\/axell-group.com\/pl\/?page_id=540"},"modified":"2026-02-24T12:13:26","modified_gmt":"2026-02-24T11:13:26","slug":"polityka-jakosci","status":"publish","type":"page","link":"https:\/\/axell-group.com\/pl\/o-nas\/polityka-jakosci\/","title":{"rendered":"Bezpiecze\u0144stwo i jako\u015b\u0107"},"content":{"rendered":"","protected":false},"excerpt":{"rendered":"<p>Jako\u015b\u0107 i zr\u00f3wnowa\u017cony rozw\u00f3j id\u0105 w parze. W Grupie Axell \u0142\u0105czymy wysokiej jako\u015bci us\u0142ugi logistyczne i finansowe z silnym naciskiem na zr\u00f3wnowa\u017cony rozw\u00f3j. Nasze rozwi\u0105zania s\u0105 nie tylko efektywne, ale tak\u017ce przyjazne dla \u015brodowiska. Razem budujemy lepsz\u0105 przysz\u0142o\u015b\u0107<\/p>\n","protected":false},"author":1,"featured_media":0,"parent":458,"menu_order":0,"comment_status":"closed","ping_status":"closed","template":"","meta":{"_acf_changed":false,"content-type":"","inline_featured_image":false,"footnotes":""},"class_list":["post-540","page","type-page","status-publish","hentry"],"acf":[],"_links":{"self":[{"href":"https:\/\/axell-group.com\/pl\/wp-json\/wp\/v2\/pages\/540","targetHints":{"allow":["GET"]}}],"collection":[{"href":"https:\/\/axell-group.com\/pl\/wp-json\/wp\/v2\/pages"}],"about":[{"href":"https:\/\/axell-group.com\/pl\/wp-json\/wp\/v2\/types\/page"}],"author":[{"embeddable":true,"href":"https:\/\/axell-group.com\/pl\/wp-json\/wp\/v2\/users\/1"}],"replies":[{"embeddable":true,"href":"https:\/\/axell-group.com\/pl\/wp-json\/wp\/v2\/comments?post=540"}],"version-history":[{"count":0,"href":"https:\/\/axell-group.com\/pl\/wp-json\/wp\/v2\/pages\/540\/revisions"}],"up":[{"embeddable":true,"href":"https:\/\/axell-group.com\/pl\/wp-json\/wp\/v2\/pages\/458"}],"wp:attachment":[{"href":"https:\/\/axell-group.com\/pl\/wp-json\/wp\/v2\/media?parent=540"}],"curies":[{"name":"wp","href":"https:\/\/api.w.org\/{rel}","templated":true}]}}