{"id":777,"date":"2021-11-15T10:51:19","date_gmt":"2021-11-15T09:51:19","guid":{"rendered":"https:\/\/axell-group.com\/pl\/?page_id=777"},"modified":"2026-03-13T16:05:25","modified_gmt":"2026-03-13T15:05:25","slug":"magazynowanie","status":"publish","type":"page","link":"https:\/\/axell-group.com\/pl\/magazynowanie\/","title":{"rendered":"Magazynowanie"},"content":{"rendered":"","protected":false},"excerpt":{"rendered":"<p>Dzi\u0119ki \u0142\u0105cznej pojemno\u015bci magazynowej wynosz\u0105cej 170 000 m\u00b2 w Holandii i Polsce, Axell Logistics jest w stanie sprosta\u0107 Pa\u0144stwa d\u0142ugoterminowym i tymczasowym potrzebom magazynowym. Magazynowanie to proces przechowywania towar\u00f3w w magazynie lub sk\u0142adzie. Obejmuje on przyjmowanie, zarz\u0105dzanie, sk\u0142adowanie oraz wysy\u0142k\u0119 produkt\u00f3w.<\/p>\n","protected":false},"author":1,"featured_media":0,"parent":0,"menu_order":0,"comment_status":"closed","ping_status":"closed","template":"","meta":{"_acf_changed":false,"content-type":"","inline_featured_image":false,"footnotes":""},"class_list":["post-777","page","type-page","status-publish","hentry"],"acf":[],"_links":{"self":[{"href":"https:\/\/axell-group.com\/pl\/wp-json\/wp\/v2\/pages\/777","targetHints":{"allow":["GET"]}}],"collection":[{"href":"https:\/\/axell-group.com\/pl\/wp-json\/wp\/v2\/pages"}],"about":[{"href":"https:\/\/axell-group.com\/pl\/wp-json\/wp\/v2\/types\/page"}],"author":[{"embeddable":true,"href":"https:\/\/axell-group.com\/pl\/wp-json\/wp\/v2\/users\/1"}],"replies":[{"embeddable":true,"href":"https:\/\/axell-group.com\/pl\/wp-json\/wp\/v2\/comments?post=777"}],"version-history":[{"count":0,"href":"https:\/\/axell-group.com\/pl\/wp-json\/wp\/v2\/pages\/777\/revisions"}],"wp:attachment":[{"href":"https:\/\/axell-group.com\/pl\/wp-json\/wp\/v2\/media?parent=777"}],"curies":[{"name":"wp","href":"https:\/\/api.w.org\/{rel}","templated":true}]}}