{"id":778,"date":"2021-11-15T10:53:24","date_gmt":"2021-11-15T09:53:24","guid":{"rendered":"https:\/\/axell-group.com\/pl\/?page_id=778"},"modified":"2026-03-16T08:42:47","modified_gmt":"2026-03-16T07:42:47","slug":"uslugi-fulfillment","status":"publish","type":"page","link":"https:\/\/axell-group.com\/pl\/magazynowanie\/uslugi-fulfillment\/","title":{"rendered":"Fulfilment"},"content":{"rendered":"","protected":false},"excerpt":{"rendered":"<p>Fulfilment obejmuje ca\u0142y proces zarz\u0105dzania i realizacji zam\u00f3wie\u0144 online dla Twojego sklepu internetowego. Zaczyna si\u0119 od magazynowania produkt\u00f3w w naszym magazynie (warehousing). Gdy klient sk\u0142ada zam\u00f3wienie, zajmujemy si\u0119 kompletowaniem (picking), pakowaniem (packing) oraz wysy\u0142k\u0105 zam\u00f3wie\u0144.<\/p>\n","protected":false},"author":1,"featured_media":0,"parent":777,"menu_order":0,"comment_status":"closed","ping_status":"closed","template":"","meta":{"_acf_changed":false,"content-type":"","inline_featured_image":false,"footnotes":""},"class_list":["post-778","page","type-page","status-publish","hentry"],"acf":[],"_links":{"self":[{"href":"https:\/\/axell-group.com\/pl\/wp-json\/wp\/v2\/pages\/778","targetHints":{"allow":["GET"]}}],"collection":[{"href":"https:\/\/axell-group.com\/pl\/wp-json\/wp\/v2\/pages"}],"about":[{"href":"https:\/\/axell-group.com\/pl\/wp-json\/wp\/v2\/types\/page"}],"author":[{"embeddable":true,"href":"https:\/\/axell-group.com\/pl\/wp-json\/wp\/v2\/users\/1"}],"replies":[{"embeddable":true,"href":"https:\/\/axell-group.com\/pl\/wp-json\/wp\/v2\/comments?post=778"}],"version-history":[{"count":0,"href":"https:\/\/axell-group.com\/pl\/wp-json\/wp\/v2\/pages\/778\/revisions"}],"up":[{"embeddable":true,"href":"https:\/\/axell-group.com\/pl\/wp-json\/wp\/v2\/pages\/777"}],"wp:attachment":[{"href":"https:\/\/axell-group.com\/pl\/wp-json\/wp\/v2\/media?parent=778"}],"curies":[{"name":"wp","href":"https:\/\/api.w.org\/{rel}","templated":true}]}}