{"id":8,"date":"2021-07-14T18:47:32","date_gmt":"2021-07-14T16:47:32","guid":{"rendered":"https:\/\/axell-group.com\/pl\/?page_id=8"},"modified":"2026-04-10T15:48:03","modified_gmt":"2026-04-10T13:48:03","slug":"pl","status":"publish","type":"page","link":"https:\/\/axell-group.com\/pl\/","title":{"rendered":"Home"},"content":{"rendered":"<p><audio class=\"audio-for-speech\"><\/audio><\/p>\n<div class=\"translate-tooltip-mtz hidden\">\n<div class=\"header\">\n<div class=\"header-controls\"><\/div>\n<div class=\"translate-icons\"><img class=\"from\" \/> <img decoding=\"async\" class=\"arrow\" src=\"\/\/bebmphofpgkhclocdbgomhnjcpelbenh\/images\/right-arrow.png\" \/> <img class=\"to\" \/><\/div>\n<\/div>\n<div class=\"translated-text\">\n<div class=\"words\"><\/div>\n<div class=\"sentences\"><\/div>\n<\/div>\n<div class=\"controls\">\n<div class=\"controls__control-wrapper\">\n<p><span class=\"controls__description\"> Fast traslate <\/span><\/p>\n<div class=\"controls__inner-circle\"><\/div>\n<\/div>\n<div class=\"controls__control-wrapper\">\n<p><span class=\"controls__description\"> Icon translate <\/span><\/p>\n<div class=\"controls__inner-circle\"><\/div>\n<\/div>\n<\/div>\n<\/div>\n<p>&nbsp;<\/p>\n<p><audio class=\"audio-for-speech\"><\/audio><\/p>\n<div class=\"translate-tooltip-mtz hidden\">\n<div class=\"header\">\n<div class=\"header-controls\"><\/div>\n<div class=\"translate-icons\"><img class=\"from\" \/> <img decoding=\"async\" class=\"arrow\" src=\"\/\/bebmphofpgkhclocdbgomhnjcpelbenh\/images\/right-arrow.png\" \/> <img class=\"to\" \/><\/div>\n<\/div>\n<div class=\"translated-text\">\n<div class=\"words\"><\/div>\n<div class=\"sentences\"><\/div>\n<\/div>\n<div class=\"controls\">\n<div class=\"controls__control-wrapper\">\n<p><span class=\"controls__description\"> Fast traslate <\/span><\/p>\n<div class=\"controls__inner-circle\"><\/div>\n<\/div>\n<div class=\"controls__control-wrapper\">\n<p><span class=\"controls__description\"> Icon translate <\/span><\/p>\n<div class=\"controls__inner-circle\"><\/div>\n<\/div>\n<\/div>\n<\/div>\n<p>&nbsp;<\/p>\n<p>&nbsp;<\/p>\n","protected":false},"excerpt":{"rendered":"<p>Witamy w Axell Group! Jako firma logistyczna, Axell Group oferuje swoim klientom najlepsze rozwi\u0105zania logistyczne pod wzgl\u0119dem koszt\u00f3w, jako\u015bci obs\u0142ugi, zr\u00f3wnowa\u017conego rozwoju i bezpiecze\u0144stwa.<\/p>\n","protected":false},"author":1,"featured_media":2000,"parent":0,"menu_order":0,"comment_status":"closed","ping_status":"closed","template":"templates\/home.php","meta":{"_acf_changed":false,"content-type":"","inline_featured_image":false,"footnotes":""},"class_list":["post-8","page","type-page","status-publish","has-post-thumbnail","hentry"],"acf":[],"_links":{"self":[{"href":"https:\/\/axell-group.com\/pl\/wp-json\/wp\/v2\/pages\/8","targetHints":{"allow":["GET"]}}],"collection":[{"href":"https:\/\/axell-group.com\/pl\/wp-json\/wp\/v2\/pages"}],"about":[{"href":"https:\/\/axell-group.com\/pl\/wp-json\/wp\/v2\/types\/page"}],"author":[{"embeddable":true,"href":"https:\/\/axell-group.com\/pl\/wp-json\/wp\/v2\/users\/1"}],"replies":[{"embeddable":true,"href":"https:\/\/axell-group.com\/pl\/wp-json\/wp\/v2\/comments?post=8"}],"version-history":[{"count":0,"href":"https:\/\/axell-group.com\/pl\/wp-json\/wp\/v2\/pages\/8\/revisions"}],"wp:featuredmedia":[{"embeddable":true,"href":"https:\/\/axell-group.com\/pl\/wp-json\/wp\/v2\/media\/2000"}],"wp:attachment":[{"href":"https:\/\/axell-group.com\/pl\/wp-json\/wp\/v2\/media?parent=8"}],"curies":[{"name":"wp","href":"https:\/\/api.w.org\/{rel}","templated":true}]}}